{"id":1339,"date":"2023-10-05T21:01:44","date_gmt":"2023-10-05T21:01:44","guid":{"rendered":"https:\/\/audiofeeling.online\/?page_id=1339"},"modified":"2025-03-17T07:30:17","modified_gmt":"2025-03-17T07:30:17","slug":"1339-2","status":"publish","type":"page","link":"https:\/\/diegogarciafernandez.es\/es\/1339-2","title":{"rendered":"CREDITOS"},"content":{"rendered":"<div class=\"wp-block-columns is-layout-flex wp-container-core-columns-is-layout-9d6595d7 wp-block-columns-is-layout-flex\">\n<div class=\"wp-block-column is-layout-flow wp-block-column-is-layout-flow\">\n<div class=\"wp-block-columns is-layout-flex wp-container-core-columns-is-layout-9d6595d7 wp-block-columns-is-layout-flex\">\n<div class=\"wp-block-column is-layout-flow wp-block-column-is-layout-flow\">\n<div class=\"wp-block-media-text is-stacked-on-mobile  has-media-on-the-top\"><figure class=\"wp-block-media-text__media\"><img loading=\"lazy\" decoding=\"async\" width=\"640\" height=\"640\" src=\"https:\/\/diegogarciafernandez.es\/wp-content\/uploads\/2023\/10\/omar-montes-1.jpg\" alt=\"\" class=\"wp-image-1588 size-full\" srcset=\"https:\/\/diegogarciafernandez.es\/wp-content\/uploads\/2023\/10\/omar-montes-1.jpg 640w, https:\/\/diegogarciafernandez.es\/wp-content\/uploads\/2023\/10\/omar-montes-1-300x300.jpg 300w, https:\/\/diegogarciafernandez.es\/wp-content\/uploads\/2023\/10\/omar-montes-1-150x150.jpg 150w, https:\/\/diegogarciafernandez.es\/wp-content\/uploads\/2023\/10\/omar-montes-1-12x12.jpg 12w, https:\/\/diegogarciafernandez.es\/wp-content\/uploads\/2023\/10\/omar-montes-1-116x116.jpg 116w\" sizes=\"auto, (max-width: 640px) 100vw, 640px\" \/><\/figure><div class=\"wp-block-media-text__content\">\n<h5 class=\"wp-block-heading has-text-align-center\"><br><strong>Omar Montes<\/strong><\/h5>\n<\/div><\/div>\n<\/div>\n\n\n\n<div class=\"wp-block-column is-layout-flow wp-block-column-is-layout-flow\">\n<div class=\"wp-block-media-text is-stacked-on-mobile  has-media-on-the-top\"><figure class=\"wp-block-media-text__media\"><img loading=\"lazy\" decoding=\"async\" width=\"640\" height=\"640\" src=\"https:\/\/diegogarciafernandez.es\/wp-content\/uploads\/2023\/10\/malu-2.png\" alt=\"\" class=\"wp-image-1597 size-full\" srcset=\"https:\/\/diegogarciafernandez.es\/wp-content\/uploads\/2023\/10\/malu-2.png 640w, https:\/\/diegogarciafernandez.es\/wp-content\/uploads\/2023\/10\/malu-2-300x300.png 300w, https:\/\/diegogarciafernandez.es\/wp-content\/uploads\/2023\/10\/malu-2-150x150.png 150w, https:\/\/diegogarciafernandez.es\/wp-content\/uploads\/2023\/10\/malu-2-12x12.png 12w, https:\/\/diegogarciafernandez.es\/wp-content\/uploads\/2023\/10\/malu-2-116x116.png 116w\" sizes=\"auto, (max-width: 640px) 100vw, 640px\" \/><\/figure><div class=\"wp-block-media-text__content\">\n<h5 class=\"wp-block-heading has-text-align-center\"><br>Malu<\/h5>\n<\/div><\/div>\n<\/div>\n<\/div>\n\n\n\n<div class=\"wp-block-columns is-layout-flex wp-container-core-columns-is-layout-9d6595d7 wp-block-columns-is-layout-flex\">\n<div class=\"wp-block-column is-layout-flow wp-block-column-is-layout-flow\">\n<div class=\"wp-block-media-text is-stacked-on-mobile  has-media-on-the-top\"><figure class=\"wp-block-media-text__media\"><img loading=\"lazy\" decoding=\"async\" width=\"650\" height=\"650\" src=\"https:\/\/diegogarciafernandez.es\/wp-content\/uploads\/2023\/10\/dani-fernandez-1.png\" alt=\"\" class=\"wp-image-1595 size-full\" srcset=\"https:\/\/diegogarciafernandez.es\/wp-content\/uploads\/2023\/10\/dani-fernandez-1.png 650w, https:\/\/diegogarciafernandez.es\/wp-content\/uploads\/2023\/10\/dani-fernandez-1-300x300.png 300w, https:\/\/diegogarciafernandez.es\/wp-content\/uploads\/2023\/10\/dani-fernandez-1-150x150.png 150w, https:\/\/diegogarciafernandez.es\/wp-content\/uploads\/2023\/10\/dani-fernandez-1-12x12.png 12w, https:\/\/diegogarciafernandez.es\/wp-content\/uploads\/2023\/10\/dani-fernandez-1-116x116.png 116w\" sizes=\"auto, (max-width: 650px) 100vw, 650px\" \/><\/figure><div class=\"wp-block-media-text__content\">\n<h5 class=\"wp-block-heading has-text-align-center\"><br><strong>dani fernandez<\/strong><\/h5>\n<\/div><\/div>\n<\/div>\n\n\n\n<div class=\"wp-block-column is-layout-flow wp-block-column-is-layout-flow\">\n<div class=\"wp-block-media-text is-stacked-on-mobile  has-media-on-the-top\"><figure class=\"wp-block-media-text__media\"><img loading=\"lazy\" decoding=\"async\" width=\"650\" height=\"650\" src=\"https:\/\/diegogarciafernandez.es\/wp-content\/uploads\/2023\/10\/zzoilo-1.png\" alt=\"\" class=\"wp-image-1594 size-full\" srcset=\"https:\/\/diegogarciafernandez.es\/wp-content\/uploads\/2023\/10\/zzoilo-1.png 650w, https:\/\/diegogarciafernandez.es\/wp-content\/uploads\/2023\/10\/zzoilo-1-300x300.png 300w, https:\/\/diegogarciafernandez.es\/wp-content\/uploads\/2023\/10\/zzoilo-1-150x150.png 150w, https:\/\/diegogarciafernandez.es\/wp-content\/uploads\/2023\/10\/zzoilo-1-12x12.png 12w, https:\/\/diegogarciafernandez.es\/wp-content\/uploads\/2023\/10\/zzoilo-1-116x116.png 116w\" sizes=\"auto, (max-width: 650px) 100vw, 650px\" \/><\/figure><div class=\"wp-block-media-text__content\">\n<h5 class=\"wp-block-heading has-text-align-center\"><br>zzoilo<\/h5>\n<\/div><\/div>\n<\/div>\n<\/div>\n<\/div>\n\n\n\n<div class=\"wp-block-column is-layout-flow wp-block-column-is-layout-flow\">\n<div class=\"wp-block-columns is-layout-flex wp-container-core-columns-is-layout-9d6595d7 wp-block-columns-is-layout-flex\">\n<div class=\"wp-block-column is-layout-flow wp-block-column-is-layout-flow\">\n<div class=\"wp-block-media-text is-stacked-on-mobile  has-media-on-the-top\"><figure class=\"wp-block-media-text__media\"><img loading=\"lazy\" decoding=\"async\" width=\"650\" height=\"650\" src=\"https:\/\/diegogarciafernandez.es\/wp-content\/uploads\/2023\/10\/antonio-carmona-1.png\" alt=\"\" class=\"wp-image-1592 size-full\" srcset=\"https:\/\/diegogarciafernandez.es\/wp-content\/uploads\/2023\/10\/antonio-carmona-1.png 650w, https:\/\/diegogarciafernandez.es\/wp-content\/uploads\/2023\/10\/antonio-carmona-1-300x300.png 300w, https:\/\/diegogarciafernandez.es\/wp-content\/uploads\/2023\/10\/antonio-carmona-1-150x150.png 150w, https:\/\/diegogarciafernandez.es\/wp-content\/uploads\/2023\/10\/antonio-carmona-1-12x12.png 12w, https:\/\/diegogarciafernandez.es\/wp-content\/uploads\/2023\/10\/antonio-carmona-1-116x116.png 116w\" sizes=\"auto, (max-width: 650px) 100vw, 650px\" \/><\/figure><div class=\"wp-block-media-text__content\">\n<h5 class=\"wp-block-heading has-text-align-center\"><br>Antonio carmona<\/h5>\n<\/div><\/div>\n<\/div>\n\n\n\n<div class=\"wp-block-column is-layout-flow wp-block-column-is-layout-flow\">\n<div class=\"wp-block-media-text is-stacked-on-mobile  has-media-on-the-top\"><figure class=\"wp-block-media-text__media\"><img loading=\"lazy\" decoding=\"async\" width=\"650\" height=\"650\" src=\"https:\/\/diegogarciafernandez.es\/wp-content\/uploads\/2023\/10\/pole-1.png\" alt=\"\" class=\"wp-image-1591 size-full\" srcset=\"https:\/\/diegogarciafernandez.es\/wp-content\/uploads\/2023\/10\/pole-1.png 650w, https:\/\/diegogarciafernandez.es\/wp-content\/uploads\/2023\/10\/pole-1-300x300.png 300w, https:\/\/diegogarciafernandez.es\/wp-content\/uploads\/2023\/10\/pole-1-150x150.png 150w, https:\/\/diegogarciafernandez.es\/wp-content\/uploads\/2023\/10\/pole-1-12x12.png 12w, https:\/\/diegogarciafernandez.es\/wp-content\/uploads\/2023\/10\/pole-1-116x116.png 116w\" sizes=\"auto, (max-width: 650px) 100vw, 650px\" \/><\/figure><div class=\"wp-block-media-text__content\">\n<h5 class=\"wp-block-heading has-text-align-center\"><br>Pole<\/h5>\n<\/div><\/div>\n<\/div>\n<\/div>\n\n\n\n<div class=\"wp-block-columns is-layout-flex wp-container-core-columns-is-layout-9d6595d7 wp-block-columns-is-layout-flex\">\n<div class=\"wp-block-column is-layout-flow wp-block-column-is-layout-flow\">\n<div class=\"wp-block-media-text is-stacked-on-mobile  has-media-on-the-top\"><figure class=\"wp-block-media-text__media\"><img loading=\"lazy\" decoding=\"async\" width=\"650\" height=\"650\" src=\"https:\/\/diegogarciafernandez.es\/wp-content\/uploads\/2023\/10\/fabbio.png\" alt=\"\" class=\"wp-image-1603 size-full\" srcset=\"https:\/\/diegogarciafernandez.es\/wp-content\/uploads\/2023\/10\/fabbio.png 650w, https:\/\/diegogarciafernandez.es\/wp-content\/uploads\/2023\/10\/fabbio-300x300.png 300w, https:\/\/diegogarciafernandez.es\/wp-content\/uploads\/2023\/10\/fabbio-150x150.png 150w, https:\/\/diegogarciafernandez.es\/wp-content\/uploads\/2023\/10\/fabbio-12x12.png 12w, https:\/\/diegogarciafernandez.es\/wp-content\/uploads\/2023\/10\/fabbio-116x116.png 116w\" sizes=\"auto, (max-width: 650px) 100vw, 650px\" \/><\/figure><div class=\"wp-block-media-text__content\">\n<h5 class=\"wp-block-heading has-text-align-center\"><br>fabbio<\/h5>\n<\/div><\/div>\n<\/div>\n\n\n\n<div class=\"wp-block-column is-layout-flow wp-block-column-is-layout-flow\">\n<div class=\"wp-block-media-text is-stacked-on-mobile  has-media-on-the-top\"><figure class=\"wp-block-media-text__media\"><img loading=\"lazy\" decoding=\"async\" width=\"650\" height=\"650\" src=\"https:\/\/diegogarciafernandez.es\/wp-content\/uploads\/2023\/10\/edurne-1.png\" alt=\"\" class=\"wp-image-1593 size-full\" srcset=\"https:\/\/diegogarciafernandez.es\/wp-content\/uploads\/2023\/10\/edurne-1.png 650w, https:\/\/diegogarciafernandez.es\/wp-content\/uploads\/2023\/10\/edurne-1-300x300.png 300w, https:\/\/diegogarciafernandez.es\/wp-content\/uploads\/2023\/10\/edurne-1-150x150.png 150w, https:\/\/diegogarciafernandez.es\/wp-content\/uploads\/2023\/10\/edurne-1-12x12.png 12w, https:\/\/diegogarciafernandez.es\/wp-content\/uploads\/2023\/10\/edurne-1-116x116.png 116w\" sizes=\"auto, (max-width: 650px) 100vw, 650px\" \/><\/figure><div class=\"wp-block-media-text__content\">\n<h5 class=\"wp-block-heading has-text-align-center\"><br>edurne<\/h5>\n<\/div><\/div>\n<\/div>\n<\/div>\n<\/div>\n<\/div>\n\n\n\n<p>Yotuel, Mala Rodr\u00edguez,  Marlon, Mafalda Cardenal, Cepeda, Enol, Mar Lucas, Mantra, Israel Fern\u00e1ndez, Kiki Morente, Estrella Morente, Lachispa, Paul Alone, Tremenda Jaur\u00eda, Ara Malikian, \u00c1lex Ubago, Diana Navarro, Willy Chirino, Ana Guerra, Fran Fern\u00e1ndez, Javier \u00c1lvarez, Lucrecia, Los del R\u00edo, Jos\u00e9 Luis Perales, Nia Zal\u00e9n, Carmen Par\u00eds, Tako, Aitana, Rosana, Carlos Do Carmo, Carminho, Montse Cort\u00e9s, Locom\u00eda, Loic &amp; Mario, Lissette, Marisela Verena, Aym\u00e9e Nuviola, Vikxie, Elioth Murphy, Tortured Soul, MFC Chicken, Anuel, Lolita, Pepe Rivero, entre otros.<br><\/p>\n\n\n\n<div style=\"height:25px\" aria-hidden=\"true\" class=\"wp-block-spacer\"><\/div>\n\n\n\n<iframe style=\"border-radius:12px\" src=\"https:\/\/open.spotify.com\/embed\/playlist\/59Pgjv8Lkk9HyETVmXB1Ll?utm_source=generator&#038;theme=0\" width=\"100%\" height=\"352\" frameborder=\"0\" allowfullscreen=\"\" allow=\"autoplay; clipboard-write; encrypted-media; fullscreen; picture-in-picture\" loading=\"lazy\"><\/iframe>","protected":false},"excerpt":{"rendered":"<p>Omar Montes Malu dani fernandez zzoilo Antonio carmona Pole fabbio edurne Yotuel, Mala Rodr\u00edguez, Marlon, Mafalda Cardenal, Cepeda, Enol, Mar Lucas, Mantra, Israel Fern\u00e1ndez, Kiki Morente, Estrella Morente, Lachispa, Paul &#8230;<\/p>","protected":false},"author":1,"featured_media":0,"parent":0,"menu_order":0,"comment_status":"closed","ping_status":"closed","template":"","meta":{"_editorskit_title_hidden":false,"_editorskit_reading_time":0,"_editorskit_is_block_options_detached":false,"_editorskit_block_options_position":"{}","ngg_post_thumbnail":0,"iawp_total_views":10,"footnotes":""},"class_list":["post-1339","page","type-page","status-publish","hentry"],"yoast_head":"<!-- This site is optimized with the Yoast SEO plugin v27.5 - https:\/\/yoast.com\/product\/yoast-seo-wordpress\/ -->\n<title>Credits - Diego Garcia<\/title>\n<meta name=\"description\" content=\"Audiofeeling es el estudio de grabaci\u00f3n, mezcla y producci\u00f3n en Zaragoza del Ingeniero de Sonido y Productor Musical, Diego Garc\u00eda Fern\u00e1ndez.\" \/>\n<meta name=\"robots\" content=\"index, follow, max-snippet:-1, max-image-preview:large, max-video-preview:-1\" \/>\n<link rel=\"canonical\" href=\"https:\/\/diegogarciafernandez.es\/es\/1339-2\/\" \/>\n<meta property=\"og:locale\" content=\"es_ES\" \/>\n<meta property=\"og:type\" content=\"article\" \/>\n<meta property=\"og:title\" content=\"Credits - Diego Garcia\" \/>\n<meta property=\"og:description\" content=\"Audiofeeling es el estudio de grabaci\u00f3n, mezcla y producci\u00f3n en Zaragoza del Ingeniero de Sonido y Productor Musical, Diego Garc\u00eda Fern\u00e1ndez.\" \/>\n<meta property=\"og:url\" content=\"https:\/\/diegogarciafernandez.es\/es\/1339-2\/\" \/>\n<meta property=\"og:site_name\" content=\"Diego Garcia\" \/>\n<meta property=\"article:publisher\" content=\"https:\/\/m.facebook.com\/photo.php?fbid=2676908745669117&amp;amp%3bamp%3bamp%3bamp%3bamp%3bamp%3bamp%3bamp%3bamp%3bamp%3bamp%3bid=1113247938701880&amp;amp%3bamp%3bamp%3bamp%3bamp%3bamp%3bamp%3bamp%3bamp%3bamp%3bamp%3bset=a.2196810357012294&amp;amp%3bamp%3bamp%3bamp%3bamp%3bamp%3bamp%3bamp%3bamp%3bamp%3bamp%3brefid=13&amp;amp%3bamp%3bamp%3bamp%3bamp%3bamp%3bamp%3bamp%3bamp%3bamp%3bamp%3b__tn__=%3d\" \/>\n<meta property=\"article:modified_time\" content=\"2025-03-17T07:30:17+00:00\" \/>\n<meta property=\"og:image\" content=\"https:\/\/diegogarciafernandez.es\/wp-content\/uploads\/2023\/10\/omar-montes-1.jpg\" \/>\n\t<meta property=\"og:image:width\" content=\"640\" \/>\n\t<meta property=\"og:image:height\" content=\"640\" \/>\n\t<meta property=\"og:image:type\" content=\"image\/jpeg\" \/>\n<meta name=\"twitter:card\" content=\"summary_large_image\" \/>\n<script type=\"application\/ld+json\" class=\"yoast-schema-graph\">{\"@context\":\"https:\\\/\\\/schema.org\",\"@graph\":[{\"@type\":\"WebPage\",\"@id\":\"https:\\\/\\\/diegogarciafernandez.es\\\/1339-2\",\"url\":\"https:\\\/\\\/diegogarciafernandez.es\\\/1339-2\",\"name\":\"Credits - Diego Garcia\",\"isPartOf\":{\"@id\":\"https:\\\/\\\/diegogarciafernandez.es\\\/#website\"},\"primaryImageOfPage\":{\"@id\":\"https:\\\/\\\/diegogarciafernandez.es\\\/1339-2#primaryimage\"},\"image\":{\"@id\":\"https:\\\/\\\/diegogarciafernandez.es\\\/1339-2#primaryimage\"},\"thumbnailUrl\":\"https:\\\/\\\/diegogarciafernandez.es\\\/wp-content\\\/uploads\\\/2023\\\/10\\\/omar-montes-1.jpg\",\"datePublished\":\"2023-10-05T21:01:44+00:00\",\"dateModified\":\"2025-03-17T07:30:17+00:00\",\"description\":\"Audiofeeling es el estudio de grabaci\u00f3n, mezcla y producci\u00f3n en Zaragoza del Ingeniero de Sonido y Productor Musical, Diego Garc\u00eda Fern\u00e1ndez.\",\"breadcrumb\":{\"@id\":\"https:\\\/\\\/diegogarciafernandez.es\\\/1339-2#breadcrumb\"},\"inLanguage\":\"es\",\"potentialAction\":[{\"@type\":\"ReadAction\",\"target\":[\"https:\\\/\\\/diegogarciafernandez.es\\\/1339-2\"]}]},{\"@type\":\"ImageObject\",\"inLanguage\":\"es\",\"@id\":\"https:\\\/\\\/diegogarciafernandez.es\\\/1339-2#primaryimage\",\"url\":\"https:\\\/\\\/diegogarciafernandez.es\\\/wp-content\\\/uploads\\\/2023\\\/10\\\/omar-montes-1.jpg\",\"contentUrl\":\"https:\\\/\\\/diegogarciafernandez.es\\\/wp-content\\\/uploads\\\/2023\\\/10\\\/omar-montes-1.jpg\"},{\"@type\":\"BreadcrumbList\",\"@id\":\"https:\\\/\\\/diegogarciafernandez.es\\\/1339-2#breadcrumb\",\"itemListElement\":[{\"@type\":\"ListItem\",\"position\":1,\"name\":\"Portada\",\"item\":\"https:\\\/\\\/diegogarciafernandez.es\\\/\"},{\"@type\":\"ListItem\",\"position\":2,\"name\":\"Credits\"}]},{\"@type\":\"WebSite\",\"@id\":\"https:\\\/\\\/diegogarciafernandez.es\\\/#website\",\"url\":\"https:\\\/\\\/diegogarciafernandez.es\\\/\",\"name\":\"Diego Garcia Fernandez\",\"description\":\"GRAMMY\u00ae NOMINATED MIXER - ENGINEER - PRODUCER\",\"potentialAction\":[{\"@type\":\"SearchAction\",\"target\":{\"@type\":\"EntryPoint\",\"urlTemplate\":\"https:\\\/\\\/diegogarciafernandez.es\\\/?s={search_term_string}\"},\"query-input\":{\"@type\":\"PropertyValueSpecification\",\"valueRequired\":true,\"valueName\":\"search_term_string\"}}],\"inLanguage\":\"es\"}]}<\/script>\n<!-- \/ Yoast SEO plugin. -->","yoast_head_json":{"title":"Credits - Diego Garcia","description":"Audiofeeling es el estudio de grabaci\u00f3n, mezcla y producci\u00f3n en Zaragoza del Ingeniero de Sonido y Productor Musical, Diego Garc\u00eda Fern\u00e1ndez.","robots":{"index":"index","follow":"follow","max-snippet":"max-snippet:-1","max-image-preview":"max-image-preview:large","max-video-preview":"max-video-preview:-1"},"canonical":"https:\/\/diegogarciafernandez.es\/es\/1339-2\/","og_locale":"es_ES","og_type":"article","og_title":"Credits - Diego Garcia","og_description":"Audiofeeling es el estudio de grabaci\u00f3n, mezcla y producci\u00f3n en Zaragoza del Ingeniero de Sonido y Productor Musical, Diego Garc\u00eda Fern\u00e1ndez.","og_url":"https:\/\/diegogarciafernandez.es\/es\/1339-2\/","og_site_name":"Diego Garcia","article_publisher":"https:\/\/m.facebook.com\/photo.php?fbid=2676908745669117&amp%3bamp%3bamp%3bamp%3bamp%3bamp%3bamp%3bamp%3bamp%3bamp%3bamp%3bid=1113247938701880&amp%3bamp%3bamp%3bamp%3bamp%3bamp%3bamp%3bamp%3bamp%3bamp%3bamp%3bset=a.2196810357012294&amp%3bamp%3bamp%3bamp%3bamp%3bamp%3bamp%3bamp%3bamp%3bamp%3bamp%3brefid=13&amp%3bamp%3bamp%3bamp%3bamp%3bamp%3bamp%3bamp%3bamp%3bamp%3bamp%3b__tn__=%3d","article_modified_time":"2025-03-17T07:30:17+00:00","og_image":[{"width":640,"height":640,"url":"https:\/\/diegogarciafernandez.es\/wp-content\/uploads\/2023\/10\/omar-montes-1.jpg","type":"image\/jpeg"}],"twitter_card":"summary_large_image","schema":{"@context":"https:\/\/schema.org","@graph":[{"@type":"WebPage","@id":"https:\/\/diegogarciafernandez.es\/1339-2","url":"https:\/\/diegogarciafernandez.es\/1339-2","name":"Credits - Diego Garcia","isPartOf":{"@id":"https:\/\/diegogarciafernandez.es\/#website"},"primaryImageOfPage":{"@id":"https:\/\/diegogarciafernandez.es\/1339-2#primaryimage"},"image":{"@id":"https:\/\/diegogarciafernandez.es\/1339-2#primaryimage"},"thumbnailUrl":"https:\/\/diegogarciafernandez.es\/wp-content\/uploads\/2023\/10\/omar-montes-1.jpg","datePublished":"2023-10-05T21:01:44+00:00","dateModified":"2025-03-17T07:30:17+00:00","description":"Audiofeeling es el estudio de grabaci\u00f3n, mezcla y producci\u00f3n en Zaragoza del Ingeniero de Sonido y Productor Musical, Diego Garc\u00eda Fern\u00e1ndez.","breadcrumb":{"@id":"https:\/\/diegogarciafernandez.es\/1339-2#breadcrumb"},"inLanguage":"es","potentialAction":[{"@type":"ReadAction","target":["https:\/\/diegogarciafernandez.es\/1339-2"]}]},{"@type":"ImageObject","inLanguage":"es","@id":"https:\/\/diegogarciafernandez.es\/1339-2#primaryimage","url":"https:\/\/diegogarciafernandez.es\/wp-content\/uploads\/2023\/10\/omar-montes-1.jpg","contentUrl":"https:\/\/diegogarciafernandez.es\/wp-content\/uploads\/2023\/10\/omar-montes-1.jpg"},{"@type":"BreadcrumbList","@id":"https:\/\/diegogarciafernandez.es\/1339-2#breadcrumb","itemListElement":[{"@type":"ListItem","position":1,"name":"Portada","item":"https:\/\/diegogarciafernandez.es\/"},{"@type":"ListItem","position":2,"name":"Credits"}]},{"@type":"WebSite","@id":"https:\/\/diegogarciafernandez.es\/#website","url":"https:\/\/diegogarciafernandez.es\/","name":"Diego Garcia Fernandez","description":"GRAMMY\u00ae NOMINATED MIXER - ENGINEER - PRODUCER","potentialAction":[{"@type":"SearchAction","target":{"@type":"EntryPoint","urlTemplate":"https:\/\/diegogarciafernandez.es\/?s={search_term_string}"},"query-input":{"@type":"PropertyValueSpecification","valueRequired":true,"valueName":"search_term_string"}}],"inLanguage":"es"}]}},"jetpack_sharing_enabled":true,"_links":{"self":[{"href":"https:\/\/diegogarciafernandez.es\/es\/wp-json\/wp\/v2\/pages\/1339","targetHints":{"allow":["GET"]}}],"collection":[{"href":"https:\/\/diegogarciafernandez.es\/es\/wp-json\/wp\/v2\/pages"}],"about":[{"href":"https:\/\/diegogarciafernandez.es\/es\/wp-json\/wp\/v2\/types\/page"}],"author":[{"embeddable":true,"href":"https:\/\/diegogarciafernandez.es\/es\/wp-json\/wp\/v2\/users\/1"}],"replies":[{"embeddable":true,"href":"https:\/\/diegogarciafernandez.es\/es\/wp-json\/wp\/v2\/comments?post=1339"}],"version-history":[{"count":25,"href":"https:\/\/diegogarciafernandez.es\/es\/wp-json\/wp\/v2\/pages\/1339\/revisions"}],"predecessor-version":[{"id":1765,"href":"https:\/\/diegogarciafernandez.es\/es\/wp-json\/wp\/v2\/pages\/1339\/revisions\/1765"}],"wp:attachment":[{"href":"https:\/\/diegogarciafernandez.es\/es\/wp-json\/wp\/v2\/media?parent=1339"}],"curies":[{"name":"wp","href":"https:\/\/api.w.org\/{rel}","templated":true}]}}