{"id":1390,"date":"2023-10-05T21:54:20","date_gmt":"2023-10-05T21:54:20","guid":{"rendered":"https:\/\/audiofeeling.online\/?page_id=1390"},"modified":"2023-10-07T21:08:19","modified_gmt":"2023-10-07T21:08:19","slug":"mixing","status":"publish","type":"page","link":"https:\/\/diegogarciafernandez.es\/es\/mixing","title":{"rendered":"Mezcla"},"content":{"rendered":"<p>Con un enfoque comercial y mainstream, Diego trabaja continuamente todos los estilos \nmusicales, disfrutando de g\u00e9neros ampliamente variados (Pop, Rock, Urban, Latin, Flamenco, \nJazz, Folk\u2026..), proporcion\u00e1ndole una visi\u00f3n m\u00e1s hol\u00edstica.<br>Ha trabajado para productores y artistas de varios pa\u00edses (Espa\u00f1a, Estados Unidos, Latinoam\u00e9rica, Portugal, Israel) tanto para las grandes compa\u00f1\u00edas multinacionales como para producciones y artistas independientes .<br><br>Opci\u00f3n de mezcla inversiva en Dolby Atmos. <br><br>Reserva: <strong><span style=\"text-decoration: underline;\"><a href=\"mailto:diegogarcimail@gmail.com\" class=\"ek-link\">Haz tu reserva:<\/a> <\/span><\/strong><\/p>","protected":false},"excerpt":{"rendered":"<p>With a mainstream and competitive approach, Diego continually works on all musical styles, enjoying widely varied genres (Pop, Rock, Urban, Latin, Flamenco, Jazz, Folk\u2026..) providing a more holistic vision.He has &#8230;<\/p>","protected":false},"author":1,"featured_media":0,"parent":0,"menu_order":0,"comment_status":"closed","ping_status":"closed","template":"","meta":{"_editorskit_title_hidden":false,"_editorskit_reading_time":0,"_editorskit_is_block_options_detached":false,"_editorskit_block_options_position":"{}","ngg_post_thumbnail":0,"iawp_total_views":0,"footnotes":""},"class_list":["post-1390","page","type-page","status-publish","hentry"],"yoast_head":"<!-- This site is optimized with the Yoast SEO plugin v27.5 - https:\/\/yoast.com\/product\/yoast-seo-wordpress\/ -->\n<title>Mixing - Diego Garcia<\/title>\n<meta name=\"description\" content=\"Audiofeeling es el estudio de grabaci\u00f3n, mezcla y producci\u00f3n en Zaragoza del Ingeniero de Sonido y Productor Musical, Diego Garc\u00eda Fern\u00e1ndez.\" \/>\n<meta name=\"robots\" content=\"index, follow, max-snippet:-1, max-image-preview:large, max-video-preview:-1\" \/>\n<link rel=\"canonical\" href=\"https:\/\/diegogarciafernandez.es\/es\/mixing\/\" \/>\n<meta property=\"og:locale\" content=\"es_ES\" \/>\n<meta property=\"og:type\" content=\"article\" \/>\n<meta property=\"og:title\" content=\"Mixing - Diego Garcia\" \/>\n<meta property=\"og:description\" content=\"Audiofeeling es el estudio de grabaci\u00f3n, mezcla y producci\u00f3n en Zaragoza del Ingeniero de Sonido y Productor Musical, Diego Garc\u00eda Fern\u00e1ndez.\" \/>\n<meta property=\"og:url\" content=\"https:\/\/diegogarciafernandez.es\/es\/mixing\/\" \/>\n<meta property=\"og:site_name\" content=\"Diego Garcia\" \/>\n<meta property=\"article:publisher\" content=\"https:\/\/m.facebook.com\/photo.php?fbid=2676908745669117&amp;amp%3bamp%3bamp%3bamp%3bamp%3bamp%3bamp%3bamp%3bamp%3bamp%3bamp%3bid=1113247938701880&amp;amp%3bamp%3bamp%3bamp%3bamp%3bamp%3bamp%3bamp%3bamp%3bamp%3bamp%3bset=a.2196810357012294&amp;amp%3bamp%3bamp%3bamp%3bamp%3bamp%3bamp%3bamp%3bamp%3bamp%3bamp%3brefid=13&amp;amp%3bamp%3bamp%3bamp%3bamp%3bamp%3bamp%3bamp%3bamp%3bamp%3bamp%3b__tn__=%3d\" \/>\n<meta property=\"article:modified_time\" content=\"2023-10-07T21:08:19+00:00\" \/>\n<meta name=\"twitter:card\" content=\"summary_large_image\" \/>\n<script type=\"application\/ld+json\" class=\"yoast-schema-graph\">{\"@context\":\"https:\\\/\\\/schema.org\",\"@graph\":[{\"@type\":\"WebPage\",\"@id\":\"https:\\\/\\\/diegogarciafernandez.es\\\/mixing\",\"url\":\"https:\\\/\\\/diegogarciafernandez.es\\\/mixing\",\"name\":\"Mixing - Diego Garcia\",\"isPartOf\":{\"@id\":\"https:\\\/\\\/diegogarciafernandez.es\\\/#website\"},\"datePublished\":\"2023-10-05T21:54:20+00:00\",\"dateModified\":\"2023-10-07T21:08:19+00:00\",\"description\":\"Audiofeeling es el estudio de grabaci\u00f3n, mezcla y producci\u00f3n en Zaragoza del Ingeniero de Sonido y Productor Musical, Diego Garc\u00eda Fern\u00e1ndez.\",\"breadcrumb\":{\"@id\":\"https:\\\/\\\/diegogarciafernandez.es\\\/mixing#breadcrumb\"},\"inLanguage\":\"es\",\"potentialAction\":[{\"@type\":\"ReadAction\",\"target\":[\"https:\\\/\\\/diegogarciafernandez.es\\\/mixing\"]}]},{\"@type\":\"BreadcrumbList\",\"@id\":\"https:\\\/\\\/diegogarciafernandez.es\\\/mixing#breadcrumb\",\"itemListElement\":[{\"@type\":\"ListItem\",\"position\":1,\"name\":\"Portada\",\"item\":\"https:\\\/\\\/diegogarciafernandez.es\\\/\"},{\"@type\":\"ListItem\",\"position\":2,\"name\":\"Mixing\"}]},{\"@type\":\"WebSite\",\"@id\":\"https:\\\/\\\/diegogarciafernandez.es\\\/#website\",\"url\":\"https:\\\/\\\/diegogarciafernandez.es\\\/\",\"name\":\"Diego Garcia Fernandez\",\"description\":\"GRAMMY\u00ae NOMINATED MIXER - ENGINEER - PRODUCER\",\"potentialAction\":[{\"@type\":\"SearchAction\",\"target\":{\"@type\":\"EntryPoint\",\"urlTemplate\":\"https:\\\/\\\/diegogarciafernandez.es\\\/?s={search_term_string}\"},\"query-input\":{\"@type\":\"PropertyValueSpecification\",\"valueRequired\":true,\"valueName\":\"search_term_string\"}}],\"inLanguage\":\"es\"}]}<\/script>\n<!-- \/ Yoast SEO plugin. -->","yoast_head_json":{"title":"Mixing - Diego Garcia","description":"Audiofeeling es el estudio de grabaci\u00f3n, mezcla y producci\u00f3n en Zaragoza del Ingeniero de Sonido y Productor Musical, Diego Garc\u00eda Fern\u00e1ndez.","robots":{"index":"index","follow":"follow","max-snippet":"max-snippet:-1","max-image-preview":"max-image-preview:large","max-video-preview":"max-video-preview:-1"},"canonical":"https:\/\/diegogarciafernandez.es\/es\/mixing\/","og_locale":"es_ES","og_type":"article","og_title":"Mixing - Diego Garcia","og_description":"Audiofeeling es el estudio de grabaci\u00f3n, mezcla y producci\u00f3n en Zaragoza del Ingeniero de Sonido y Productor Musical, Diego Garc\u00eda Fern\u00e1ndez.","og_url":"https:\/\/diegogarciafernandez.es\/es\/mixing\/","og_site_name":"Diego Garcia","article_publisher":"https:\/\/m.facebook.com\/photo.php?fbid=2676908745669117&amp%3bamp%3bamp%3bamp%3bamp%3bamp%3bamp%3bamp%3bamp%3bamp%3bamp%3bid=1113247938701880&amp%3bamp%3bamp%3bamp%3bamp%3bamp%3bamp%3bamp%3bamp%3bamp%3bamp%3bset=a.2196810357012294&amp%3bamp%3bamp%3bamp%3bamp%3bamp%3bamp%3bamp%3bamp%3bamp%3bamp%3brefid=13&amp%3bamp%3bamp%3bamp%3bamp%3bamp%3bamp%3bamp%3bamp%3bamp%3bamp%3b__tn__=%3d","article_modified_time":"2023-10-07T21:08:19+00:00","twitter_card":"summary_large_image","schema":{"@context":"https:\/\/schema.org","@graph":[{"@type":"WebPage","@id":"https:\/\/diegogarciafernandez.es\/mixing","url":"https:\/\/diegogarciafernandez.es\/mixing","name":"Mixing - Diego Garcia","isPartOf":{"@id":"https:\/\/diegogarciafernandez.es\/#website"},"datePublished":"2023-10-05T21:54:20+00:00","dateModified":"2023-10-07T21:08:19+00:00","description":"Audiofeeling es el estudio de grabaci\u00f3n, mezcla y producci\u00f3n en Zaragoza del Ingeniero de Sonido y Productor Musical, Diego Garc\u00eda Fern\u00e1ndez.","breadcrumb":{"@id":"https:\/\/diegogarciafernandez.es\/mixing#breadcrumb"},"inLanguage":"es","potentialAction":[{"@type":"ReadAction","target":["https:\/\/diegogarciafernandez.es\/mixing"]}]},{"@type":"BreadcrumbList","@id":"https:\/\/diegogarciafernandez.es\/mixing#breadcrumb","itemListElement":[{"@type":"ListItem","position":1,"name":"Portada","item":"https:\/\/diegogarciafernandez.es\/"},{"@type":"ListItem","position":2,"name":"Mixing"}]},{"@type":"WebSite","@id":"https:\/\/diegogarciafernandez.es\/#website","url":"https:\/\/diegogarciafernandez.es\/","name":"Diego Garcia Fernandez","description":"GRAMMY\u00ae NOMINATED MIXER - ENGINEER - PRODUCER","potentialAction":[{"@type":"SearchAction","target":{"@type":"EntryPoint","urlTemplate":"https:\/\/diegogarciafernandez.es\/?s={search_term_string}"},"query-input":{"@type":"PropertyValueSpecification","valueRequired":true,"valueName":"search_term_string"}}],"inLanguage":"es"}]}},"jetpack_sharing_enabled":true,"_links":{"self":[{"href":"https:\/\/diegogarciafernandez.es\/es\/wp-json\/wp\/v2\/pages\/1390","targetHints":{"allow":["GET"]}}],"collection":[{"href":"https:\/\/diegogarciafernandez.es\/es\/wp-json\/wp\/v2\/pages"}],"about":[{"href":"https:\/\/diegogarciafernandez.es\/es\/wp-json\/wp\/v2\/types\/page"}],"author":[{"embeddable":true,"href":"https:\/\/diegogarciafernandez.es\/es\/wp-json\/wp\/v2\/users\/1"}],"replies":[{"embeddable":true,"href":"https:\/\/diegogarciafernandez.es\/es\/wp-json\/wp\/v2\/comments?post=1390"}],"version-history":[{"count":10,"href":"https:\/\/diegogarciafernandez.es\/es\/wp-json\/wp\/v2\/pages\/1390\/revisions"}],"predecessor-version":[{"id":1707,"href":"https:\/\/diegogarciafernandez.es\/es\/wp-json\/wp\/v2\/pages\/1390\/revisions\/1707"}],"wp:attachment":[{"href":"https:\/\/diegogarciafernandez.es\/es\/wp-json\/wp\/v2\/media?parent=1390"}],"curies":[{"name":"wp","href":"https:\/\/api.w.org\/{rel}","templated":true}]}}